{"id":4058,"date":"2024-06-10T09:35:37","date_gmt":"2024-06-10T09:35:37","guid":{"rendered":"https:\/\/axleo-wp.egenslab.com\/?page_id=4058"},"modified":"2024-06-10T09:35:37","modified_gmt":"2024-06-10T09:35:37","slug":"interactive-banner-dark","status":"publish","type":"page","link":"https:\/\/primadopositivo.com\/es\/interactive-banner-dark\/","title":{"rendered":"Interactive Banner Dark"},"content":{"rendered":"<div data-elementor-type=\"wp-page\" data-elementor-id=\"4058\" class=\"elementor elementor-4058\" data-elementor-post-type=\"page\">\n\t\t\t\t<div class=\"elementor-element elementor-element-103039f e-con-full e-flex e-con e-parent\" data-id=\"103039f\" data-element_type=\"container\" data-e-type=\"container\" data-settings=\"{&quot;background_background&quot;:&quot;classic&quot;}\">\n\t\t\t\t<div class=\"elementor-element elementor-element-2f3e415 elementor-widget elementor-widget-axleo_portfolio_interactive_banner\" data-id=\"2f3e415\" data-element_type=\"widget\" data-e-type=\"widget\" data-widget_type=\"axleo_portfolio_interactive_banner.default\">\n\t\t\t\t<div class=\"elementor-widget-container\">\n\t\t\t\t\t\r\n        <div class=\"interactive-banner-section\">\r\n            <ul class=\"social-icon\">                    <li>\r\n                        <a href=\"#\">\r\n                            <i class=\"fas fa-circle\"><\/i> 99 Design                        <\/a>\r\n                    <\/li>\r\n                                <li>\r\n                        <a href=\"https:\/\/dribbble.com\/\">\r\n                            <i class=\"fab fa-dribbble\"><\/i> Dribbble                        <\/a>\r\n                    <\/li>\r\n            <\/ul><ul class=\"social-icon two\">                    <li>\r\n                        <a href=\"https:\/\/behance.com\/\">\r\n                            <i class=\"fab fa-behance\"><\/i> Behance                        <\/a>\r\n                    <\/li>\r\n                                <li>\r\n                        <a href=\"https:\/\/pinterest.com\/\">\r\n                            <i class=\"fab fa-pinterest\"><\/i> 99 Design                        <\/a>\r\n                    <\/li>\r\n            <\/ul>\r\n            <ul class=\"interactive-banner-img-group\" style=\"background: linear-gradient(rgba(0, 0, 0, 0.4) 0%, rgba(0, 0, 0, 0.4) 100%), url('assets\/img\/innerpage\/interactive-01.jpg');\">\r\n\r\n                \r\n                    <li class=\"single-banner-bg\" id=\"background-panel-0\" style=\"background: linear-gradient(rgba(0, 0, 0, 0.4) 0%, rgba(0, 0, 0, 0.4) 100%), url('https:\/\/primadopositivo.com\/wp-content\/uploads\/2024\/10\/2.png');\">\r\n                    <\/li>\r\n\r\n                \r\n                    <li class=\"single-banner-bg\" id=\"background-panel-1\" style=\"background: linear-gradient(rgba(0, 0, 0, 0.4) 0%, rgba(0, 0, 0, 0.4) 100%), url('https:\/\/primadopositivo.com\/wp-content\/uploads\/2024\/10\/BE_Mesa_de_trabajo_1-01.png');\">\r\n                    <\/li>\r\n\r\n                \r\n                    <li class=\"single-banner-bg\" id=\"background-panel-2\" style=\"background: linear-gradient(rgba(0, 0, 0, 0.4) 0%, rgba(0, 0, 0, 0.4) 100%), url('https:\/\/primadopositivo.com\/wp-content\/uploads\/2024\/10\/1san.png');\">\r\n                    <\/li>\r\n\r\n                \r\n                    <li class=\"single-banner-bg\" id=\"background-panel-3\" style=\"background: linear-gradient(rgba(0, 0, 0, 0.4) 0%, rgba(0, 0, 0, 0.4) 100%), url('https:\/\/primadopositivo.com\/wp-content\/uploads\/2024\/10\/hexa1cort.jpg');\">\r\n                    <\/li>\r\n\r\n                \r\n                    <li class=\"single-banner-bg\" id=\"background-panel-4\" style=\"background: linear-gradient(rgba(0, 0, 0, 0.4) 0%, rgba(0, 0, 0, 0.4) 100%), url('https:\/\/primadopositivo.com\/wp-content\/uploads\/2025\/01\/pestanitas-11-scaled.jpg');\">\r\n                    <\/li>\r\n\r\n                \r\n\r\n            <\/ul>\r\n            <ul class=\"interactive-list\">\r\n                \r\n                    <li class=\"ineteractive-single-item\" data-show=\"#background-panel-0\">\r\n                        <div class=\"responsive-bg-img\" style=\"background: linear-gradient(rgba(0, 0, 0, 0.4) 0%, rgba(0, 0, 0, 0.4) 100%), url('https:\/\/primadopositivo.com\/wp-content\/uploads\/2024\/10\/2.png');\">\r\n                        <\/div>\r\n                        <div class=\"card-content\">\r\n                            <div class=\"catgory-and-title\">\r\n                                                                    <a href=\"https:\/\/primadopositivo.com\/es\/portfolio-category\/diseno-web\/\">Dise\u00f1o web<\/a>\r\n                                                                <h3><a href=\"https:\/\/primadopositivo.com\/es\/portfolio\/cbecic\/\">CBECIC<\/a><\/h3>\r\n                            <\/div>\r\n                            <p>Dise\u00f1o de un Logotipo Moderno y Representativo El logotipo creado para CBECIC&hellip;<\/p>\r\n                        <\/div>\r\n                    <\/li>\r\n\r\n                \r\n                    <li class=\"ineteractive-single-item\" data-show=\"#background-panel-1\">\r\n                        <div class=\"responsive-bg-img\" style=\"background: linear-gradient(rgba(0, 0, 0, 0.4) 0%, rgba(0, 0, 0, 0.4) 100%), url('https:\/\/primadopositivo.com\/wp-content\/uploads\/2024\/10\/BE_Mesa_de_trabajo_1-01.png');\">\r\n                        <\/div>\r\n                        <div class=\"card-content\">\r\n                            <div class=\"catgory-and-title\">\r\n                                                                    <a href=\"https:\/\/primadopositivo.com\/es\/portfolio-category\/branding\/\">Branding<\/a>\r\n                                                                <h3><a href=\"https:\/\/primadopositivo.com\/es\/portfolio\/befit\/\">BeFit<\/a><\/h3>\r\n                            <\/div>\r\n                            <p>Marketing y Rebranding de BeFit: Impulsando el \u00c9xito en Santa Cruz de&hellip;<\/p>\r\n                        <\/div>\r\n                    <\/li>\r\n\r\n                \r\n                    <li class=\"ineteractive-single-item\" data-show=\"#background-panel-2\">\r\n                        <div class=\"responsive-bg-img\" style=\"background: linear-gradient(rgba(0, 0, 0, 0.4) 0%, rgba(0, 0, 0, 0.4) 100%), url('https:\/\/primadopositivo.com\/wp-content\/uploads\/2024\/10\/1san.png');\">\r\n                        <\/div>\r\n                        <div class=\"card-content\">\r\n                            <div class=\"catgory-and-title\">\r\n                                                                    <a href=\"https:\/\/primadopositivo.com\/es\/portfolio-category\/ingenieria-de-opinion-publica\/\">Ingenier\u00eda de opini\u00f3n p\u00fablica<\/a>\r\n                                                                <h3><a href=\"https:\/\/primadopositivo.com\/es\/portfolio\/elsantuario\/\">El Santuario<\/a><\/h3>\r\n                            <\/div>\r\n                            <p>Marketing y Rebranding de El Santuario: Impulsando la Pasi\u00f3n por las Artes&hellip;<\/p>\r\n                        <\/div>\r\n                    <\/li>\r\n\r\n                \r\n                    <li class=\"ineteractive-single-item\" data-show=\"#background-panel-3\">\r\n                        <div class=\"responsive-bg-img\" style=\"background: linear-gradient(rgba(0, 0, 0, 0.4) 0%, rgba(0, 0, 0, 0.4) 100%), url('https:\/\/primadopositivo.com\/wp-content\/uploads\/2024\/10\/hexa1cort.jpg');\">\r\n                        <\/div>\r\n                        <div class=\"card-content\">\r\n                            <div class=\"catgory-and-title\">\r\n                                                                    <a href=\"https:\/\/primadopositivo.com\/es\/portfolio-category\/marketing\/\">Marketing<\/a>\r\n                                                                <h3><a href=\"https:\/\/primadopositivo.com\/es\/portfolio\/hexa\/\">HEXA<\/a><\/h3>\r\n                            <\/div>\r\n                            <p>Transformaci\u00f3n de la Identidad de HEXA: Construyendo una Marca Poderosa y Memorable&hellip;<\/p>\r\n                        <\/div>\r\n                    <\/li>\r\n\r\n                \r\n                    <li class=\"ineteractive-single-item\" data-show=\"#background-panel-4\">\r\n                        <div class=\"responsive-bg-img\" style=\"background: linear-gradient(rgba(0, 0, 0, 0.4) 0%, rgba(0, 0, 0, 0.4) 100%), url('https:\/\/primadopositivo.com\/wp-content\/uploads\/2025\/01\/pestanitas-11-scaled.jpg');\">\r\n                        <\/div>\r\n                        <div class=\"card-content\">\r\n                            <div class=\"catgory-and-title\">\r\n                                                                    <a href=\"https:\/\/primadopositivo.com\/es\/portfolio-category\/branding\/\">Branding<\/a>\r\n                                                                <h3><a href=\"https:\/\/primadopositivo.com\/es\/portfolio\/befit-2\/\">Be Healt<\/a><\/h3>\r\n                            <\/div>\r\n                            <p>Marketing y branding de Be Health: Conectando con el Mundo de la&hellip;<\/p>\r\n                        <\/div>\r\n                    <\/li>\r\n\r\n                \r\n\r\n            <\/ul>\r\n        <\/div>\r\n\r\n\t\t\t\t<\/div>\n\t\t\t\t<\/div>\n\t\t\t\t<\/div>\n\t\t\t\t<\/div>","protected":false},"excerpt":{"rendered":"<p>99 Design Dribbble Behance 99 Design Hierarchy Corporate Brand Revitalization. Projects Overview A s we reflect&hellip; Hierarchy We Compose Digital Masterpieces. Projects Overview A s we reflect&hellip; Logo Where Vision Meets Technology. Projects Overview A s we reflect&hellip; Design Kit Digital Masterpieces Projects Overview A s we reflect&hellip; Typography Sculpting theFuture Projects Overview A s [&hellip;]<\/p>\n","protected":false},"author":1,"featured_media":0,"parent":0,"menu_order":0,"comment_status":"closed","ping_status":"closed","template":"elementor_header_footer","meta":{"footnotes":""},"class_list":["post-4058","page","type-page","status-publish","hentry"],"aioseo_notices":[],"_links":{"self":[{"href":"https:\/\/primadopositivo.com\/es\/wp-json\/wp\/v2\/pages\/4058","targetHints":{"allow":["GET"]}}],"collection":[{"href":"https:\/\/primadopositivo.com\/es\/wp-json\/wp\/v2\/pages"}],"about":[{"href":"https:\/\/primadopositivo.com\/es\/wp-json\/wp\/v2\/types\/page"}],"author":[{"embeddable":true,"href":"https:\/\/primadopositivo.com\/es\/wp-json\/wp\/v2\/users\/1"}],"replies":[{"embeddable":true,"href":"https:\/\/primadopositivo.com\/es\/wp-json\/wp\/v2\/comments?post=4058"}],"version-history":[{"count":0,"href":"https:\/\/primadopositivo.com\/es\/wp-json\/wp\/v2\/pages\/4058\/revisions"}],"wp:attachment":[{"href":"https:\/\/primadopositivo.com\/es\/wp-json\/wp\/v2\/media?parent=4058"}],"curies":[{"name":"wp","href":"https:\/\/api.w.org\/{rel}","templated":true}]}}