{"id":48,"date":"2024-05-14T06:04:45","date_gmt":"2024-05-14T06:04:45","guid":{"rendered":"https:\/\/axleo-wp.egenslab.com\/?page_id=48"},"modified":"2024-11-26T21:03:37","modified_gmt":"2024-11-27T01:03:37","slug":"faqs","status":"publish","type":"page","link":"https:\/\/primadopositivo.com\/es\/faqs\/","title":{"rendered":"FAQs"},"content":{"rendered":"\t\t<div data-elementor-type=\"wp-page\" data-elementor-id=\"48\" class=\"elementor elementor-48\" data-elementor-post-type=\"page\">\n\t\t\t\t<div class=\"elementor-element elementor-element-a1578dc e-con-full e-flex e-con e-parent\" data-id=\"a1578dc\" data-element_type=\"container\" data-e-type=\"container\">\n\t\t\t\t<div class=\"elementor-element elementor-element-4af3ffe elementor-invisible elementor-widget elementor-widget-axleo_faq\" data-id=\"4af3ffe\" data-element_type=\"widget\" data-e-type=\"widget\" data-settings=\"{&quot;motion_fx_motion_fx_scrolling&quot;:&quot;yes&quot;,&quot;motion_fx_translateY_effect&quot;:&quot;yes&quot;,&quot;motion_fx_motion_fx_mouse&quot;:&quot;yes&quot;,&quot;motion_fx_tilt_effect&quot;:&quot;yes&quot;,&quot;motion_fx_tilt_speed&quot;:{&quot;unit&quot;:&quot;px&quot;,&quot;size&quot;:0.5,&quot;sizes&quot;:[]},&quot;_animation&quot;:&quot;fadeInUp&quot;,&quot;motion_fx_translateY_speed&quot;:{&quot;unit&quot;:&quot;px&quot;,&quot;size&quot;:4,&quot;sizes&quot;:[]},&quot;motion_fx_translateY_affectedRange&quot;:{&quot;unit&quot;:&quot;%&quot;,&quot;size&quot;:&quot;&quot;,&quot;sizes&quot;:{&quot;start&quot;:0,&quot;end&quot;:100}},&quot;motion_fx_devices&quot;:[&quot;desktop&quot;,&quot;tablet&quot;,&quot;mobile&quot;]}\" data-widget_type=\"axleo_faq.default\">\n\t\t\t\t<div class=\"elementor-widget-container\">\n\t\t\t\t\t                    <div class=\"home6-faq-section mb-130\">\r\n                <div class=\"container-lg container-fluid\">\r\n                    <div class=\"faq-wrappper\">\r\n                        <div class=\"row justify-content-center\">\r\n                            <div class=\"col-xl-8 col-lg-10\">\r\n                                <div class=\"faq-content\">\r\n                                    <div class=\"accordion\" id=\"accordionGeneral\">\r\n                                                                                        <div class=\"accordion-item\">\r\n                                                    <h2 class=\"accordion-header\" id=\"faqheadingOne0\">\r\n                                                        <button class=\"accordion-button \" type=\"button\" data-bs-toggle=\"collapse\" data-bs-target=\"#faqcollapse0\" aria-expanded=\"true\" aria-controls=\"faqcollapse0\">\r\n                                                                                                                            \u00bfQu\u00e9 servicios ofrece Primado Positivo?                                                             <\/button>\r\n                                                    <\/h2>\r\n                                                    <div id=\"faqcollapse0\" class=\"accordion-collapse collapse show\" aria-labelledby=\"faqheadingOne0\" data-bs-parent=\"#accordionGeneral\">\r\n                                                        <div class=\"accordion-body\">\r\n                                                                                                                            En Primado Positivo, ofrecemos soluciones estrat\u00e9gicas dise\u00f1adas a medida para la creaci\u00f3n y desarrollo de marcas personales y empresariales. Nos especializamos en la creaci\u00f3n de identidad de marca, gesti\u00f3n de redes sociales, marketing de contenidos, producci\u00f3n audiovisual, relaciones estrat\u00e9gicas y m\u00e1s. Utilizamos herramientas avanzadas de neuromarketing, an\u00e1lisis estrat\u00e9gico y comunicaci\u00f3n persuasiva para asegurarnos de que tu marca no solo destaque, sino que lidere.\n                                                                                                                    <\/div>\r\n                                                    <\/div>\r\n                                                <\/div>\r\n                                                                                        <div class=\"accordion-item\">\r\n                                                    <h2 class=\"accordion-header\" id=\"faqheadingOne1\">\r\n                                                        <button class=\"accordion-button collapsed\" type=\"button\" data-bs-toggle=\"collapse\" data-bs-target=\"#faqcollapse1\" aria-expanded=\"true\" aria-controls=\"faqcollapse1\">\r\n                                                                                                                            \u00bfC\u00f3mo puedo empezar a trabajar con Primado Positivo?                                                             <\/button>\r\n                                                    <\/h2>\r\n                                                    <div id=\"faqcollapse1\" class=\"accordion-collapse collapse \" aria-labelledby=\"faqheadingOne1\" data-bs-parent=\"#accordionGeneral\">\r\n                                                        <div class=\"accordion-body\">\r\n                                                                                                                             \u00a1Es muy sencillo! Solo tienes que contactarnos a trav\u00e9s de nuestro bot\u00f3n de whatsapp donde uno de nuestros expertos se pondr\u00e1 en contacto contigo para comprender tus necesidades y objetivos. A partir de ah\u00ed, desarrollaremos una estrategia personalizada para ayudarte a alcanzar y superar tus metas. Tambi\u00e9n puedes seguirnos en nuestras redes.\n\n                                                                                                                    <\/div>\r\n                                                    <\/div>\r\n                                                <\/div>\r\n                                                                                        <div class=\"accordion-item\">\r\n                                                    <h2 class=\"accordion-header\" id=\"faqheadingOne2\">\r\n                                                        <button class=\"accordion-button collapsed\" type=\"button\" data-bs-toggle=\"collapse\" data-bs-target=\"#faqcollapse2\" aria-expanded=\"true\" aria-controls=\"faqcollapse2\">\r\n                                                                                                                             \u00bfQu\u00e9 diferencia a Primado Positivo de otras agencias de marketing?                                                             <\/button>\r\n                                                    <\/h2>\r\n                                                    <div id=\"faqcollapse2\" class=\"accordion-collapse collapse \" aria-labelledby=\"faqheadingOne2\" data-bs-parent=\"#accordionGeneral\">\r\n                                                        <div class=\"accordion-body\">\r\n                                                                                                                            En Primado Positivo, nos destacamos por nuestro enfoque personalizado y estrat\u00e9gico. No s\u00f3lo ofrecemos servicios, sino soluciones integrales dise\u00f1adas a medida para cada cliente. Combinamos creatividad, an\u00e1lisis profundo y herramientas avanzadas de marketing para generar resultados excepcionales. Nos apasiona transformar sue\u00f1os en realidades y celebramos cada \u00e9xito junto a nuestros clientes, convirti\u00e9ndonos en su socio de crecimiento.\n                                                                                                                    <\/div>\r\n                                                    <\/div>\r\n                                                <\/div>\r\n                                                                                        <div class=\"accordion-item\">\r\n                                                    <h2 class=\"accordion-header\" id=\"faqheadingOne3\">\r\n                                                        <button class=\"accordion-button collapsed\" type=\"button\" data-bs-toggle=\"collapse\" data-bs-target=\"#faqcollapse3\" aria-expanded=\"true\" aria-controls=\"faqcollapse3\">\r\n                                                                                                                            \u00bfC\u00f3mo se define el p\u00fablico objetivo de mi marca?                                                             <\/button>\r\n                                                    <\/h2>\r\n                                                    <div id=\"faqcollapse3\" class=\"accordion-collapse collapse \" aria-labelledby=\"faqheadingOne3\" data-bs-parent=\"#accordionGeneral\">\r\n                                                        <div class=\"accordion-body\">\r\n                                                                                                                            En Primado Positivo, realizamos un an\u00e1lisis exhaustivo para identificar y segmentar tu p\u00fablico objetivo basado en caracter\u00edsticas demogr\u00e1ficas, comportamientos y necesidades espec\u00edficas. Esto nos permite crear una estrategia de marketing personalizada que conecte emocionalmente con tu audiencia y genere experiencias memorables, asegurando un alto nivel de lealtad y apreciaci\u00f3n hacia tu marca.\n                                                                                                                    <\/div>\r\n                                                    <\/div>\r\n                                                <\/div>\r\n                                                                                        <div class=\"accordion-item\">\r\n                                                    <h2 class=\"accordion-header\" id=\"faqheadingOne4\">\r\n                                                        <button class=\"accordion-button collapsed\" type=\"button\" data-bs-toggle=\"collapse\" data-bs-target=\"#faqcollapse4\" aria-expanded=\"true\" aria-controls=\"faqcollapse4\">\r\n                                                                                                                             \u00bfQu\u00e9 incluye el desarrollo de la identidad de marca?                                                             <\/button>\r\n                                                    <\/h2>\r\n                                                    <div id=\"faqcollapse4\" class=\"accordion-collapse collapse \" aria-labelledby=\"faqheadingOne4\" data-bs-parent=\"#accordionGeneral\">\r\n                                                        <div class=\"accordion-body\">\r\n                                                                                                                            Nuestro servicio de desarrollo de identidad de marca abarca desde la creaci\u00f3n del nombre, logotipo, colores y slogan hasta el dise\u00f1o de un manual de marca personalizado. Utilizamos estudios num\u00e9ricos para analizar la energ\u00eda de estos elementos y c\u00f3mo ser\u00e1n percibidos por tu p\u00fablico objetivo, asegurando una identidad s\u00f3lida y coherente que refleje los valores y la visi\u00f3n de tu marca.\n                                                                                                                    <\/div>\r\n                                                    <\/div>\r\n                                                <\/div>\r\n                                                                                        <div class=\"accordion-item\">\r\n                                                    <h2 class=\"accordion-header\" id=\"faqheadingOne5\">\r\n                                                        <button class=\"accordion-button collapsed\" type=\"button\" data-bs-toggle=\"collapse\" data-bs-target=\"#faqcollapse5\" aria-expanded=\"true\" aria-controls=\"faqcollapse5\">\r\n                                                                                                                             \u00bfC\u00f3mo gestionan las crisis de reputaci\u00f3n?                                                             <\/button>\r\n                                                    <\/h2>\r\n                                                    <div id=\"faqcollapse5\" class=\"accordion-collapse collapse \" aria-labelledby=\"faqheadingOne5\" data-bs-parent=\"#accordionGeneral\">\r\n                                                        <div class=\"accordion-body\">\r\n                                                                                                                            En Primado Positivo, contamos con una amplia experiencia en gesti\u00f3n de crisis reputacional. Utilizamos t\u00e9cnicas de comunicaci\u00f3n estrat\u00e9gica para minimizar el impacto negativo en la opini\u00f3n p\u00fablica y restaurar la confianza. Desarrollamos planes de acci\u00f3n r\u00e1pidos y efectivos, adaptados a las necesidades espec\u00edficas de cada situaci\u00f3n, para proteger y fortalecer la reputaci\u00f3n de tu marca.\n                                                                                                                    <\/div>\r\n                                                    <\/div>\r\n                                                <\/div>\r\n                                                                            <\/div>\r\n                                <\/div>\r\n                            <\/div>\r\n                        <\/div>\r\n                    <\/div>\r\n                <\/div>\r\n            <\/div>\r\n        \r\n        \r\n        \r\n\r\n\t\t\t\t<\/div>\n\t\t\t\t<\/div>\n\t\t\t\t<\/div>\n\t\t<div class=\"elementor-element elementor-element-31c970b e-con-full e-flex e-con e-parent\" data-id=\"31c970b\" data-element_type=\"container\" data-e-type=\"container\">\n\t\t\t\t<div class=\"elementor-element elementor-element-1047deb elementor-widget elementor-widget-axleo_contact\" data-id=\"1047deb\" data-element_type=\"widget\" data-e-type=\"widget\" data-widget_type=\"axleo_contact.default\">\n\t\t\t\t<div class=\"elementor-widget-container\">\n\t\t\t\t\t        \r\n\r\n        \r\n\r\n        \r\n        \r\n                    <div class=\"faq-contact-area\">\r\n                <div class=\"container-lg container-fluid\">\r\n                    <div class=\"faq-contact-top-area\">\r\n                        <svg class=\"vector\" width=\"251\" height=\"215\" viewBox=\"0 0 251 215\" xmlns=\"http:\/\/www.w3.org\/2000\/svg\">\r\n                            <path d=\"M179.588 -45.6792L180 -45.0786L180.412 -45.6792L235.082 -125.32L232.391 -28.7033L232.37 -27.9741L233.058 -28.2182L324.266 -60.6116L265.209 15.9142L264.762 16.493L265.463 16.6994L358.229 44L265.463 71.3006L264.762 71.507L265.209 72.0858L324.266 148.612L233.058 116.218L232.37 115.974L232.391 116.703L235.082 213.32L180.412 133.679L180 133.079L179.588 133.679L124.919 213.32L127.609 116.703L127.63 115.974L126.942 116.218L35.8752 148.612L94.7917 72.0853L95.2371 71.5068L94.5367 71.3006L1.77101 44L94.5367 16.6994L95.2371 16.4932L94.7917 15.9147L35.8752 -60.6116L126.942 -28.2183L127.63 -27.9737L127.609 -28.7033L124.919 -125.32L179.588 -45.6792Z\" \/>\r\n                        <\/svg>\r\n                        <div class=\"section-title six\">\r\n                                                            <h2>Tienes aalguna ppregunta en mente?<\/h2>\r\n                                                        <div class=\"dash-and-paragraph\">\r\n                                <svg xmlns=\"http:\/\/www.w3.org\/2000\/svg\" viewBox=\"0 0 877 64\">\r\n                                    <path d=\"M0.333333 3C0.333333 4.47276 1.52724 5.66667 3 5.66667C4.47276 5.66667 5.66667 4.47276 5.66667 3C5.66667 1.52724 4.47276 0.333333 3 0.333333C1.52724 0.333333 0.333333 1.52724 0.333333 3ZM875 3L875.271 3.42013L876.697 2.5H875V3ZM842.084 64L845.265 59.1819L839.502 58.836L842.084 64ZM3 3.5H875V2.5H3V3.5ZM874.729 2.57987C861.302 11.2438 844.485 27.4669 841.856 59.4675L842.852 59.5494C845.45 27.938 862.03 11.9643 875.271 3.42013L874.729 2.57987Z\" \/>\r\n                                <\/svg>\r\n                                                                    <p>No dudes en consultarnos estamos aqu\u00ed para solventar cualquiera de tus dudas o comentarios <\/p>\r\n                                                            <\/div>\r\n                        <\/div>\r\n                    <\/div>\r\n                    <div class=\"faq-contact-form-area\">\r\n                        <div class=\"row justify-content-center\">\r\n                            <div class=\"col-lg-10\">\r\n                                                                    <div class=\"faq-contact-form-wrap\">\r\n                                        \n<div class=\"wpcf7 no-js\" id=\"wpcf7-f3209-o1\" lang=\"en-US\" dir=\"ltr\" data-wpcf7-id=\"3209\">\n<div class=\"screen-reader-response\"><p role=\"status\" aria-live=\"polite\" aria-atomic=\"true\"><\/p> <ul><\/ul><\/div>\n<form action=\"\/es\/wp-json\/wp\/v2\/pages\/48#wpcf7-f3209-o1\" method=\"post\" class=\"wpcf7-form init\" aria-label=\"Contact form\" novalidate=\"novalidate\" data-status=\"init\">\n<fieldset class=\"hidden-fields-container\"><input type=\"hidden\" name=\"_wpcf7\" value=\"3209\" \/><input type=\"hidden\" name=\"_wpcf7_version\" value=\"6.1.5\" \/><input type=\"hidden\" name=\"_wpcf7_locale\" value=\"en_US\" \/><input type=\"hidden\" name=\"_wpcf7_unit_tag\" value=\"wpcf7-f3209-o1\" \/><input type=\"hidden\" name=\"_wpcf7_container_post\" value=\"0\" \/><input type=\"hidden\" name=\"_wpcf7_posted_data_hash\" value=\"\" \/><input type=\"hidden\" name=\"_wpcf7_recaptcha_response\" value=\"\" \/>\n<\/fieldset>\n<div class=\"faq-contact-form-wrap\">\n    <div class=\"row\">\n        <div class=\"col-md-6\">\n            <div class=\"form-inner mb-25\">\n                <label>Nombre*<\/label>\n                <span class=\"wpcf7-form-control-wrap\" data-name=\"text-878\"><input size=\"40\" maxlength=\"400\" class=\"wpcf7-form-control wpcf7-text wpcf7-validates-as-required\" aria-required=\"true\" aria-invalid=\"false\" placeholder=\"Carlos Diaz\" value=\"\" type=\"text\" name=\"text-878\" \/><\/span>\n            <\/div>\n        <\/div>\n        <div class=\"col-md-6\">\n            <div class=\"form-inner mb-25\">\n                <label>Email*<\/label>\n                <span class=\"wpcf7-form-control-wrap\" data-name=\"email-708\"><input size=\"40\" maxlength=\"400\" class=\"wpcf7-form-control wpcf7-email wpcf7-validates-as-required wpcf7-text wpcf7-validates-as-email\" aria-required=\"true\" aria-invalid=\"false\" placeholder=\"example@gamil.com\" value=\"\" type=\"email\" name=\"email-708\" \/><\/span>\n            <\/div>\n        <\/div>\n        <div class=\"col-md-12\">\n            <div class=\"form-inner mb-50\">\n                <label>Escriba su pregunta*<\/label>\n                <span class=\"wpcf7-form-control-wrap\" data-name=\"textarea-981\"><textarea cols=\"40\" rows=\"10\" maxlength=\"2000\" class=\"wpcf7-form-control wpcf7-textarea wpcf7-validates-as-required\" aria-required=\"true\" aria-invalid=\"false\" placeholder=\"Su pregunta o comentario...\" name=\"textarea-981\"><\/textarea><\/span>\n            <\/div>\n        <\/div>\n    <\/div>\n    <div class=\"form-inner\">\n        <button class=\"primary-btn3 btn-hover\" type=\"submit\">\n            Enviar\n            <svg width=\"12\" height=\"12\" viewBox=\"0 0 12 12\" xmlns=\"http:\/\/www.w3.org\/2000\/svg\">\n                <path d=\"M10.0035 3.40804L1.41153 12L0 10.5885L8.59097 1.99651H1.01922V0H12V10.9808H10.0035V3.40804Z\">\n                <\/path>\n            <\/svg>\n            <span><\/span>\n        <\/button>\n    <\/div>\n<\/div><div class=\"wpcf7-response-output\" aria-hidden=\"true\"><\/div>\n<\/form>\n<\/div>\n                                    <\/div>\r\n                                                            <\/div>\r\n                        <\/div>\r\n                    <\/div>\r\n                <\/div>\r\n            <\/div>\r\n        \t\t\t\t<\/div>\n\t\t\t\t<\/div>\n\t\t\t\t<\/div>\n\t\t\t\t<\/div>\n\t\t","protected":false},"excerpt":{"rendered":"<p>\u00bfQu\u00e9 servicios ofrece Primado Positivo? En Primado Positivo, ofrecemos soluciones estrat\u00e9gicas dise\u00f1adas a medida para la creaci\u00f3n y desarrollo de marcas personales y empresariales. Nos especializamos en la creaci\u00f3n de identidad de marca, gesti\u00f3n de redes sociales, marketing de contenidos, producci\u00f3n audiovisual, relaciones estrat\u00e9gicas y m\u00e1s. Utilizamos herramientas avanzadas de neuromarketing, an\u00e1lisis estrat\u00e9gico y comunicaci\u00f3n [&hellip;]<\/p>\n","protected":false},"author":1,"featured_media":0,"parent":0,"menu_order":0,"comment_status":"closed","ping_status":"closed","template":"","meta":{"footnotes":""},"class_list":["post-48","page","type-page","status-publish","hentry"],"aioseo_notices":[],"_links":{"self":[{"href":"https:\/\/primadopositivo.com\/es\/wp-json\/wp\/v2\/pages\/48","targetHints":{"allow":["GET"]}}],"collection":[{"href":"https:\/\/primadopositivo.com\/es\/wp-json\/wp\/v2\/pages"}],"about":[{"href":"https:\/\/primadopositivo.com\/es\/wp-json\/wp\/v2\/types\/page"}],"author":[{"embeddable":true,"href":"https:\/\/primadopositivo.com\/es\/wp-json\/wp\/v2\/users\/1"}],"replies":[{"embeddable":true,"href":"https:\/\/primadopositivo.com\/es\/wp-json\/wp\/v2\/comments?post=48"}],"version-history":[{"count":0,"href":"https:\/\/primadopositivo.com\/es\/wp-json\/wp\/v2\/pages\/48\/revisions"}],"wp:attachment":[{"href":"https:\/\/primadopositivo.com\/es\/wp-json\/wp\/v2\/media?parent=48"}],"curies":[{"name":"wp","href":"https:\/\/api.w.org\/{rel}","templated":true}]}}